{"id":19,"date":"2025-08-22T11:42:47","date_gmt":"2025-08-22T09:42:47","guid":{"rendered":"https:\/\/jarbec.icu\/?page_id=19"},"modified":"2025-09-13T13:40:38","modified_gmt":"2025-09-13T11:40:38","slug":"ueber-uns","status":"publish","type":"page","link":"https:\/\/jarbec.icu\/?page_id=19","title":{"rendered":"About"},"content":{"rendered":"\n<p>Wir haben uns 2011 in einer Bar kennengelernt. Ein gemeinsamer Freund hat uns vorgestellt. Danach waren wir einige Wochen viel zusammen unterwegs.Jared wurde wenige Wochen sp\u00e4ter nach Afghanistan versetzt. Auch die r\u00e4umliche Trennung hat unserer Zuneigung nicht abgetan. So dass wir uns entschieden, trotz der nicht idealen Situation offiziell zu \u201edaten\u201c.<br>Als jared aus Afghanistan nach Hause kam, wollte das Milit\u00e4r ihn versetzen. Zur\u00fcck nach Amerika. Nun musste es ganz schnell gehen und wir beschlossen zu heiraten. Eine Trennung kam f\u00fcr uns beide nicht in Frage. So kam es zu unserer ersten \u201ekleinen\u201c Hochzeit.<br>Jetzt 14 Jahre sp\u00e4ter kommt \u201ethe big wedding\u201c. Wir freuen uns riesig diese mit euch zusammen zu feiern.<\/p>\n\n\n<div aria-live=\"polite\" id=\"soliloquy-container-164_1\" class=\"soliloquy-container soliloquy-transition-fade  soliloquy-theme-base\" style=\"max-width:960px;max-height:460px;\"><ul id=\"soliloquy-164_1\" class=\"soliloquy-slider soliloquy-slides soliloquy-wrap soliloquy-clear\"><li aria-hidden=\"true\" class=\"soliloquy-item soliloquy-item-1 soliloquy-image-slide\" draggable=\"false\" style=\"list-style:none\"><img decoding=\"async\" id=\"soliloquy-image-51\" class=\"soliloquy-image soliloquy-image-1\" src=\"https:\/\/jarbec.icu\/wp-content\/uploads\/2025\/08\/PHOTO-2025-08-19-20-20-21-960x460_c.jpg\" alt=\"About\" \/><\/li><li aria-hidden=\"true\" class=\"soliloquy-item soliloquy-item-2 soliloquy-image-slide\" draggable=\"false\" style=\"list-style:none\"><img decoding=\"async\" id=\"soliloquy-image-126\" class=\"soliloquy-image soliloquy-image-2\" src=\"https:\/\/jarbec.icu\/wp-content\/uploads\/2025\/09\/IMG_6281-scaled-960x460_c.jpg\" alt=\"IMG_6281\" \/><\/li><\/ul><\/div><noscript><style type=\"text\/css\">#soliloquy-container-164_1{opacity:1}<\/style><\/noscript>\n","protected":false},"excerpt":{"rendered":"<p>Wir haben uns 2011 in einer Bar kennengelernt. Ein gemeinsamer Freund hat uns vorgestellt. Danach waren wir einige Wochen viel zusammen unterwegs.Jared wurde wenige Wochen sp\u00e4ter nach Afghanistan versetzt. Auch die r\u00e4umliche Trennung hat unserer Zuneigung nicht abgetan. So dass wir uns entschieden, trotz der nicht idealen Situation offiziell zu \u201edaten\u201c.Als jared aus Afghanistan nach Hause kam, wollte das Milit\u00e4r ihn versetzen. Zur\u00fcck nach Amerika. Nun musste es ganz schnell gehen und wir beschlossen zu heiraten. Eine Trennung kam f\u00fcr&#8230;<\/p>\n<p class=\"read-more\"><a class=\"btn btn-default\" href=\"https:\/\/jarbec.icu\/?page_id=19\">Weiterlesen<span class=\"screen-reader-text\"> Weiterlesen<\/span><\/a><\/p>\n","protected":false},"author":1,"featured_media":0,"parent":0,"menu_order":0,"comment_status":"closed","ping_status":"closed","template":"","meta":{"passster_activate_protection":false,"passster_protect_child_pages":"","passster_protection_type":"password","passster_password":"","passster_activate_overwrite_defaults":"","passster_headline":"","passster_instruction":"","passster_placeholder":"","passster_button":"","passster_id":"","passster_activate_misc_settings":"","passster_redirect_url":"","passster_hide":"no","passster_area_shortcode":"","footnotes":""},"class_list":["post-19","page","type-page","status-publish","hentry"],"_links":{"self":[{"href":"https:\/\/jarbec.icu\/index.php?rest_route=\/wp\/v2\/pages\/19","targetHints":{"allow":["GET"]}}],"collection":[{"href":"https:\/\/jarbec.icu\/index.php?rest_route=\/wp\/v2\/pages"}],"about":[{"href":"https:\/\/jarbec.icu\/index.php?rest_route=\/wp\/v2\/types\/page"}],"author":[{"embeddable":true,"href":"https:\/\/jarbec.icu\/index.php?rest_route=\/wp\/v2\/users\/1"}],"replies":[{"embeddable":true,"href":"https:\/\/jarbec.icu\/index.php?rest_route=%2Fwp%2Fv2%2Fcomments&post=19"}],"version-history":[{"count":6,"href":"https:\/\/jarbec.icu\/index.php?rest_route=\/wp\/v2\/pages\/19\/revisions"}],"predecessor-version":[{"id":168,"href":"https:\/\/jarbec.icu\/index.php?rest_route=\/wp\/v2\/pages\/19\/revisions\/168"}],"wp:attachment":[{"href":"https:\/\/jarbec.icu\/index.php?rest_route=%2Fwp%2Fv2%2Fmedia&parent=19"}],"curies":[{"name":"wp","href":"https:\/\/api.w.org\/{rel}","templated":true}]}}